{"id":211,"date":"2018-11-02T13:07:29","date_gmt":"2018-11-02T12:07:29","guid":{"rendered":"http:\/\/caminando.blogs.upv.es\/?page_id=211"},"modified":"2018-11-02T13:07:29","modified_gmt":"2018-11-02T12:07:29","slug":"que-es-la-ingenieria-de-caminos","status":"publish","type":"page","link":"https:\/\/caminando.webs.upv.es\/index.php\/que-es-la-ingenieria-de-caminos\/","title":{"rendered":"\u00bfQu\u00e9 es la Ingenier\u00eda de Caminos?"},"content":{"rendered":"\n<p>Conocida tradicionalmente como Ingenier\u00eda de Caminos, esta carrera ha sufrido muchos cambios desde que se origin\u00f3, aunque la esencia sigue siendo la misma: construir infraestructuras de inter\u00e9s com\u00fan para cubrir necesidades. Con la entrada en la Uni\u00f3n Europea y poco despu\u00e9s el Pacto de Bolonia, la denominaci\u00f3n de Ingenier\u00eda de Caminos pas\u00f3 a Ingenier\u00eda Civil + M\u00e1ster en Ingenier\u00eda de Caminos, Canales y Puertos, una nueva forma de organizar el grado que ha llegado a convertirse pr\u00e1cticamente en lo mismo que Ingenier\u00eda de Obras P\u00fablicas, un grado que pronto (en mi opini\u00f3n) se unificar\u00e1 por su similitud con el grado en Ingenier\u00eda Civil. Todo esto se realiz\u00f3 para adaptar las licenciaturas en toda Europa y poder as\u00ed establecer una convalidaci\u00f3n de t\u00edtulos que fueran similares y permitieran adem\u00e1s la realizaci\u00f3n de Erasmus. Pero, \u00bfqu\u00e9 hace un ingeniero de caminos? Pues bien, como una imagen vale m\u00e1s que mil palabras, aqu\u00ed ten\u00e9is ejemplos de lo que un ingeniero puede dedicar su vida profesional. A\u00fan as\u00ed, en el apartado de &#8220;Competencias del Ingeniero de Caminos&#8221; pod\u00e9is leer concretamente los trabajos que puede realizar y\/o firmar, aunque hay infinitas posibilidades a la hora de desarrollar la carrera profesional.<\/p>\n\n\n<div class=\"wp-block-image size-large wp-image-283\">\n<figure class=\"aligncenter\"><img loading=\"lazy\" decoding=\"async\" width=\"1024\" height=\"512\" src=\"http:\/\/caminando.blogs.upv.es\/files\/2018\/11\/puerto-benalmadena-03-1024x512.jpg\" alt=\"PUERTOS\" class=\"wp-image-283\" srcset=\"https:\/\/caminando.webs.upv.es\/wp-content\/uploads\/2018\/11\/puerto-benalmadena-03-1024x512.jpg 1024w, https:\/\/caminando.webs.upv.es\/wp-content\/uploads\/2018\/11\/puerto-benalmadena-03-300x150.jpg 300w, https:\/\/caminando.webs.upv.es\/wp-content\/uploads\/2018\/11\/puerto-benalmadena-03-768x384.jpg 768w, https:\/\/caminando.webs.upv.es\/wp-content\/uploads\/2018\/11\/puerto-benalmadena-03.jpg 1200w\" sizes=\"auto, (max-width: 1024px) 100vw, 1024px\" \/><figcaption class=\"wp-element-caption\">PUERTOS<\/figcaption><\/figure>\n<\/div>\n\n<div class=\"wp-block-image wp-image-288 size-full\">\n<figure class=\"aligncenter\"><img loading=\"lazy\" decoding=\"async\" width=\"640\" height=\"427\" src=\"http:\/\/caminando.blogs.upv.es\/files\/2018\/11\/fotonoticia_20180116234236_640.jpg\" alt=\"\" class=\"wp-image-288\" srcset=\"https:\/\/caminando.webs.upv.es\/wp-content\/uploads\/2018\/11\/fotonoticia_20180116234236_640.jpg 640w, https:\/\/caminando.webs.upv.es\/wp-content\/uploads\/2018\/11\/fotonoticia_20180116234236_640-300x200.jpg 300w\" sizes=\"auto, (max-width: 640px) 100vw, 640px\" \/><figcaption class=\"wp-element-caption\">EDIFICACI\u00d3N Y ESTRUCTURAS<\/figcaption><\/figure>\n<\/div>\n\n<div class=\"wp-block-image wp-image-291 size-large\">\n<figure class=\"aligncenter\"><img loading=\"lazy\" decoding=\"async\" width=\"1024\" height=\"594\" src=\"http:\/\/caminando.blogs.upv.es\/files\/2018\/11\/presa-1024x594.jpg\" alt=\"\" class=\"wp-image-291\" srcset=\"https:\/\/caminando.webs.upv.es\/wp-content\/uploads\/2018\/11\/presa-1024x594.jpg 1024w, https:\/\/caminando.webs.upv.es\/wp-content\/uploads\/2018\/11\/presa-300x174.jpg 300w, https:\/\/caminando.webs.upv.es\/wp-content\/uploads\/2018\/11\/presa-768x445.jpg 768w, https:\/\/caminando.webs.upv.es\/wp-content\/uploads\/2018\/11\/presa-1536x891.jpg 1536w, https:\/\/caminando.webs.upv.es\/wp-content\/uploads\/2018\/11\/presa.jpg 1676w\" sizes=\"auto, (max-width: 1024px) 100vw, 1024px\" \/><figcaption class=\"wp-element-caption\">PRESAS<\/figcaption><\/figure>\n<\/div>\n\n<div class=\"wp-block-image wp-image-294 size-large\">\n<figure class=\"aligncenter\"><img loading=\"lazy\" decoding=\"async\" width=\"1024\" height=\"576\" src=\"http:\/\/caminando.blogs.upv.es\/files\/2018\/11\/166215_95c2b0476c6370a33953602a8982f58f-1024x576.jpeg\" alt=\"\" class=\"wp-image-294\" srcset=\"https:\/\/caminando.webs.upv.es\/wp-content\/uploads\/2018\/11\/166215_95c2b0476c6370a33953602a8982f58f-1024x576.jpeg 1024w, https:\/\/caminando.webs.upv.es\/wp-content\/uploads\/2018\/11\/166215_95c2b0476c6370a33953602a8982f58f-300x169.jpeg 300w, https:\/\/caminando.webs.upv.es\/wp-content\/uploads\/2018\/11\/166215_95c2b0476c6370a33953602a8982f58f-768x432.jpeg 768w, https:\/\/caminando.webs.upv.es\/wp-content\/uploads\/2018\/11\/166215_95c2b0476c6370a33953602a8982f58f.jpeg 1200w\" sizes=\"auto, (max-width: 1024px) 100vw, 1024px\" \/><figcaption class=\"wp-element-caption\">FERROCARRILES<\/figcaption><\/figure>\n<\/div>\n\n<div class=\"wp-block-image wp-image-297 size-full\">\n<figure class=\"aligncenter\"><img loading=\"lazy\" decoding=\"async\" width=\"640\" height=\"427\" src=\"http:\/\/caminando.blogs.upv.es\/files\/2018\/11\/2012022423555957640_7da800fd.jpg\" alt=\"\" class=\"wp-image-297\" srcset=\"https:\/\/caminando.webs.upv.es\/wp-content\/uploads\/2018\/11\/2012022423555957640_7da800fd.jpg 640w, https:\/\/caminando.webs.upv.es\/wp-content\/uploads\/2018\/11\/2012022423555957640_7da800fd-300x200.jpg 300w\" sizes=\"auto, (max-width: 640px) 100vw, 640px\" \/><figcaption class=\"wp-element-caption\">CANALES<\/figcaption><\/figure>\n<\/div>\n\n<div class=\"wp-block-image wp-image-300\">\n<figure class=\"aligncenter\"><img loading=\"lazy\" decoding=\"async\" width=\"1020\" height=\"560\" src=\"http:\/\/caminando.blogs.upv.es\/files\/2018\/11\/obras-viales.jpg\" alt=\"\" class=\"wp-image-300\" srcset=\"https:\/\/caminando.webs.upv.es\/wp-content\/uploads\/2018\/11\/obras-viales.jpg 1020w, https:\/\/caminando.webs.upv.es\/wp-content\/uploads\/2018\/11\/obras-viales-300x165.jpg 300w, https:\/\/caminando.webs.upv.es\/wp-content\/uploads\/2018\/11\/obras-viales-768x422.jpg 768w\" sizes=\"auto, (max-width: 1020px) 100vw, 1020px\" \/><figcaption class=\"wp-element-caption\">CARRETERAS<\/figcaption><\/figure>\n<\/div>","protected":false},"excerpt":{"rendered":"<p>Conocida tradicionalmente como Ingenier\u00eda de Caminos, esta carrera ha sufrido muchos cambios desde que se origin\u00f3, aunque la esencia sigue siendo la misma: construir infraestructuras de inter\u00e9s com\u00fan para cubrir necesidades. Con la entrada en la Uni\u00f3n Europea y poco despu\u00e9s el Pacto de Bolonia, la denominaci\u00f3n de Ingenier\u00eda de Caminos pas\u00f3 a Ingenier\u00eda Civil [&hellip;]<\/p>\n","protected":false},"author":1,"featured_media":0,"parent":0,"menu_order":0,"comment_status":"closed","ping_status":"closed","template":"template-sidebar-left.php","meta":{"_s2mail":"yes","footnotes":""},"class_list":["post-211","page","type-page","status-publish","hentry"],"yoast_head":"<!-- This site is optimized with the Yoast SEO plugin v27.3 - https:\/\/yoast.com\/product\/yoast-seo-wordpress\/ -->\n<title>\u00bfQu\u00e9 es la Ingenier\u00eda de Caminos? - Caminos, canales y pasatiempos<\/title>\n<meta name=\"robots\" content=\"index, follow, max-snippet:-1, max-image-preview:large, max-video-preview:-1\" \/>\n<link rel=\"canonical\" href=\"https:\/\/caminando.webs.upv.es\/index.php\/que-es-la-ingenieria-de-caminos\/\" \/>\n<meta property=\"og:locale\" content=\"es_ES\" \/>\n<meta property=\"og:type\" content=\"article\" \/>\n<meta property=\"og:title\" content=\"\u00bfQu\u00e9 es la Ingenier\u00eda de Caminos? - Caminos, canales y pasatiempos\" \/>\n<meta property=\"og:description\" content=\"Conocida tradicionalmente como Ingenier\u00eda de Caminos, esta carrera ha sufrido muchos cambios desde que se origin\u00f3, aunque la esencia sigue siendo la misma: construir infraestructuras de inter\u00e9s com\u00fan para cubrir necesidades. Con la entrada en la Uni\u00f3n Europea y poco despu\u00e9s el Pacto de Bolonia, la denominaci\u00f3n de Ingenier\u00eda de Caminos pas\u00f3 a Ingenier\u00eda Civil [&hellip;]\" \/>\n<meta property=\"og:url\" content=\"https:\/\/caminando.webs.upv.es\/index.php\/que-es-la-ingenieria-de-caminos\/\" \/>\n<meta property=\"og:site_name\" content=\"Caminos, canales y pasatiempos\" \/>\n<meta property=\"og:image\" content=\"http:\/\/caminando.blogs.upv.es\/files\/2018\/11\/puerto-benalmadena-03-1024x512.jpg\" \/>\n<meta name=\"twitter:card\" content=\"summary_large_image\" \/>\n<meta name=\"twitter:label1\" content=\"Tiempo de lectura\" \/>\n\t<meta name=\"twitter:data1\" content=\"3 minutos\" \/>\n<script type=\"application\/ld+json\" class=\"yoast-schema-graph\">{\"@context\":\"https:\\\/\\\/schema.org\",\"@graph\":[{\"@type\":\"WebPage\",\"@id\":\"https:\\\/\\\/caminando.webs.upv.es\\\/index.php\\\/que-es-la-ingenieria-de-caminos\\\/\",\"url\":\"https:\\\/\\\/caminando.webs.upv.es\\\/index.php\\\/que-es-la-ingenieria-de-caminos\\\/\",\"name\":\"\u00bfQu\u00e9 es la Ingenier\u00eda de Caminos? - Caminos, canales y pasatiempos\",\"isPartOf\":{\"@id\":\"https:\\\/\\\/caminando.webs.upv.es\\\/#website\"},\"primaryImageOfPage\":{\"@id\":\"https:\\\/\\\/caminando.webs.upv.es\\\/index.php\\\/que-es-la-ingenieria-de-caminos\\\/#primaryimage\"},\"image\":{\"@id\":\"https:\\\/\\\/caminando.webs.upv.es\\\/index.php\\\/que-es-la-ingenieria-de-caminos\\\/#primaryimage\"},\"thumbnailUrl\":\"http:\\\/\\\/caminando.blogs.upv.es\\\/files\\\/2018\\\/11\\\/puerto-benalmadena-03-1024x512.jpg\",\"datePublished\":\"2018-11-02T12:07:29+00:00\",\"breadcrumb\":{\"@id\":\"https:\\\/\\\/caminando.webs.upv.es\\\/index.php\\\/que-es-la-ingenieria-de-caminos\\\/#breadcrumb\"},\"inLanguage\":\"es\",\"potentialAction\":[{\"@type\":\"ReadAction\",\"target\":[\"https:\\\/\\\/caminando.webs.upv.es\\\/index.php\\\/que-es-la-ingenieria-de-caminos\\\/\"]}]},{\"@type\":\"ImageObject\",\"inLanguage\":\"es\",\"@id\":\"https:\\\/\\\/caminando.webs.upv.es\\\/index.php\\\/que-es-la-ingenieria-de-caminos\\\/#primaryimage\",\"url\":\"http:\\\/\\\/caminando.blogs.upv.es\\\/files\\\/2018\\\/11\\\/puerto-benalmadena-03-1024x512.jpg\",\"contentUrl\":\"http:\\\/\\\/caminando.blogs.upv.es\\\/files\\\/2018\\\/11\\\/puerto-benalmadena-03-1024x512.jpg\"},{\"@type\":\"BreadcrumbList\",\"@id\":\"https:\\\/\\\/caminando.webs.upv.es\\\/index.php\\\/que-es-la-ingenieria-de-caminos\\\/#breadcrumb\",\"itemListElement\":[{\"@type\":\"ListItem\",\"position\":1,\"name\":\"Portada\",\"item\":\"https:\\\/\\\/caminando.webs.upv.es\\\/\"},{\"@type\":\"ListItem\",\"position\":2,\"name\":\"\u00bfQu\u00e9 es la Ingenier\u00eda de Caminos?\"}]},{\"@type\":\"WebSite\",\"@id\":\"https:\\\/\\\/caminando.webs.upv.es\\\/#website\",\"url\":\"https:\\\/\\\/caminando.webs.upv.es\\\/\",\"name\":\"Caminos, canales y pasatiempos\",\"description\":\"Un blog para dar a conocer el mundo de la Ingenier\u00eda de Caminos y su actualidad\",\"potentialAction\":[{\"@type\":\"SearchAction\",\"target\":{\"@type\":\"EntryPoint\",\"urlTemplate\":\"https:\\\/\\\/caminando.webs.upv.es\\\/?s={search_term_string}\"},\"query-input\":{\"@type\":\"PropertyValueSpecification\",\"valueRequired\":true,\"valueName\":\"search_term_string\"}}],\"inLanguage\":\"es\"}]}<\/script>\n<!-- \/ Yoast SEO plugin. -->","yoast_head_json":{"title":"\u00bfQu\u00e9 es la Ingenier\u00eda de Caminos? - Caminos, canales y pasatiempos","robots":{"index":"index","follow":"follow","max-snippet":"max-snippet:-1","max-image-preview":"max-image-preview:large","max-video-preview":"max-video-preview:-1"},"canonical":"https:\/\/caminando.webs.upv.es\/index.php\/que-es-la-ingenieria-de-caminos\/","og_locale":"es_ES","og_type":"article","og_title":"\u00bfQu\u00e9 es la Ingenier\u00eda de Caminos? - Caminos, canales y pasatiempos","og_description":"Conocida tradicionalmente como Ingenier\u00eda de Caminos, esta carrera ha sufrido muchos cambios desde que se origin\u00f3, aunque la esencia sigue siendo la misma: construir infraestructuras de inter\u00e9s com\u00fan para cubrir necesidades. Con la entrada en la Uni\u00f3n Europea y poco despu\u00e9s el Pacto de Bolonia, la denominaci\u00f3n de Ingenier\u00eda de Caminos pas\u00f3 a Ingenier\u00eda Civil [&hellip;]","og_url":"https:\/\/caminando.webs.upv.es\/index.php\/que-es-la-ingenieria-de-caminos\/","og_site_name":"Caminos, canales y pasatiempos","og_image":[{"url":"http:\/\/caminando.blogs.upv.es\/files\/2018\/11\/puerto-benalmadena-03-1024x512.jpg","type":"","width":"","height":""}],"twitter_card":"summary_large_image","twitter_misc":{"Tiempo de lectura":"3 minutos"},"schema":{"@context":"https:\/\/schema.org","@graph":[{"@type":"WebPage","@id":"https:\/\/caminando.webs.upv.es\/index.php\/que-es-la-ingenieria-de-caminos\/","url":"https:\/\/caminando.webs.upv.es\/index.php\/que-es-la-ingenieria-de-caminos\/","name":"\u00bfQu\u00e9 es la Ingenier\u00eda de Caminos? - Caminos, canales y pasatiempos","isPartOf":{"@id":"https:\/\/caminando.webs.upv.es\/#website"},"primaryImageOfPage":{"@id":"https:\/\/caminando.webs.upv.es\/index.php\/que-es-la-ingenieria-de-caminos\/#primaryimage"},"image":{"@id":"https:\/\/caminando.webs.upv.es\/index.php\/que-es-la-ingenieria-de-caminos\/#primaryimage"},"thumbnailUrl":"http:\/\/caminando.blogs.upv.es\/files\/2018\/11\/puerto-benalmadena-03-1024x512.jpg","datePublished":"2018-11-02T12:07:29+00:00","breadcrumb":{"@id":"https:\/\/caminando.webs.upv.es\/index.php\/que-es-la-ingenieria-de-caminos\/#breadcrumb"},"inLanguage":"es","potentialAction":[{"@type":"ReadAction","target":["https:\/\/caminando.webs.upv.es\/index.php\/que-es-la-ingenieria-de-caminos\/"]}]},{"@type":"ImageObject","inLanguage":"es","@id":"https:\/\/caminando.webs.upv.es\/index.php\/que-es-la-ingenieria-de-caminos\/#primaryimage","url":"http:\/\/caminando.blogs.upv.es\/files\/2018\/11\/puerto-benalmadena-03-1024x512.jpg","contentUrl":"http:\/\/caminando.blogs.upv.es\/files\/2018\/11\/puerto-benalmadena-03-1024x512.jpg"},{"@type":"BreadcrumbList","@id":"https:\/\/caminando.webs.upv.es\/index.php\/que-es-la-ingenieria-de-caminos\/#breadcrumb","itemListElement":[{"@type":"ListItem","position":1,"name":"Portada","item":"https:\/\/caminando.webs.upv.es\/"},{"@type":"ListItem","position":2,"name":"\u00bfQu\u00e9 es la Ingenier\u00eda de Caminos?"}]},{"@type":"WebSite","@id":"https:\/\/caminando.webs.upv.es\/#website","url":"https:\/\/caminando.webs.upv.es\/","name":"Caminos, canales y pasatiempos","description":"Un blog para dar a conocer el mundo de la Ingenier\u00eda de Caminos y su actualidad","potentialAction":[{"@type":"SearchAction","target":{"@type":"EntryPoint","urlTemplate":"https:\/\/caminando.webs.upv.es\/?s={search_term_string}"},"query-input":{"@type":"PropertyValueSpecification","valueRequired":true,"valueName":"search_term_string"}}],"inLanguage":"es"}]}},"_links":{"self":[{"href":"https:\/\/caminando.webs.upv.es\/index.php\/wp-json\/wp\/v2\/pages\/211","targetHints":{"allow":["GET"]}}],"collection":[{"href":"https:\/\/caminando.webs.upv.es\/index.php\/wp-json\/wp\/v2\/pages"}],"about":[{"href":"https:\/\/caminando.webs.upv.es\/index.php\/wp-json\/wp\/v2\/types\/page"}],"author":[{"embeddable":true,"href":"https:\/\/caminando.webs.upv.es\/index.php\/wp-json\/wp\/v2\/users\/1"}],"replies":[{"embeddable":true,"href":"https:\/\/caminando.webs.upv.es\/index.php\/wp-json\/wp\/v2\/comments?post=211"}],"version-history":[{"count":0,"href":"https:\/\/caminando.webs.upv.es\/index.php\/wp-json\/wp\/v2\/pages\/211\/revisions"}],"wp:attachment":[{"href":"https:\/\/caminando.webs.upv.es\/index.php\/wp-json\/wp\/v2\/media?parent=211"}],"curies":[{"name":"wp","href":"https:\/\/api.w.org\/{rel}","templated":true}]}}